{"id":24,"date":"2024-09-05T22:44:17","date_gmt":"2024-09-06T04:44:17","guid":{"rendered":"https:\/\/karamatrash.com\/?page_id=24"},"modified":"2025-10-23T13:55:19","modified_gmt":"2025-10-23T19:55:19","slug":"about","status":"publish","type":"page","link":"https:\/\/karamatrash.com\/?page_id=24","title":{"rendered":"Leistungen"},"content":{"rendered":"\n<p><\/p>\n\n\n\n<div class=\"wp-block-media-text is-stacked-on-mobile\"><figure class=\"wp-block-media-text__media\"><img loading=\"lazy\" decoding=\"async\" width=\"825\" height=\"749\" src=\"https:\/\/karamatrash.com\/wp-content\/uploads\/2024\/09\/IMG_7454-3.jpg\" alt=\"\" class=\"wp-image-358 size-full\" srcset=\"https:\/\/karamatrash.com\/wp-content\/uploads\/2024\/09\/IMG_7454-3.jpg 825w, https:\/\/karamatrash.com\/wp-content\/uploads\/2024\/09\/IMG_7454-3-300x272.jpg 300w\" sizes=\"auto, (max-width: 825px) 100vw, 825px\" \/><\/figure><div class=\"wp-block-media-text__content\">\n<p style=\"font-size:clamp(16.834px, 1.052rem + ((1vw - 3.2px) * 0.811), 26px);font-style:normal;font-weight:100\">Einreiten<\/p>\n\n\n\n<p>Je nach Pferd plane ich in der Regel eine Zeitspanne von mindestens vier Wochen ein, um ein Pferd einzureiten, das bislang weder Sattel noch Reiter kennengelernt hat. Die ersten zwei bis drei Wochen sind der Bodenarbeit gewidmet, und in der letzten Woche bzw. den letzten zehn Tagen beginne ich normalerweise damit, das Pferd zu reiten. Nat\u00fcrlich kann dieser Prozess manchmal schneller, manchmal aber auch langsamer verlaufen \u2013 je nach Pferd und dessen bisherigen Erfahrungen mit dem Menschen. Jeder Versuch, diesen Ablauf unter Zeitdruck zu erzwingen, f\u00fchrt meiner Erfahrung nach jedoch zu R\u00fcckschritten und Frustration und widerspricht zudem meiner Trainingsphilosophie.<\/p>\n\n\n\n<p>Ich begleite das Pferd t\u00e4glich durch neue Herausforderungen, bis es mit diesen innerlich zur Ruhe gekommen ist. Wie lange es braucht, um einzelne Schritte zu verarbeiten und anzunehmen, ist von Pferd zu Pferd unterschiedlich. Daher gehe ich stets erst dann zum n\u00e4chsten Schritt \u00fcber, wenn mir das Pferd deutlich zeigt, dass es bereit daf\u00fcr ist. Mein Ziel ist es, ein selbstbewusstes, neugieriges Pferd auszubilden, das die Grundlagen der Pferdeausbildung in Ruhe verinnerlichen durfte.<\/p>\n\n\n\n<p>Selbstverst\u00e4ndlich kann ich auch dich als Reiter:in aktiv in den Prozess einbeziehen und dir die verschiedenen Schritte der Pferdeausbildung anschaulich vermitteln. In der Regel ist ein Pferd nach nur vier Wochen Training noch nicht bereit, von Anf\u00e4nger:innen geritten zu werden. Daher biete ich bei Bedarf auch im Anschluss an das Einreiten eine individuelle Begleitung und ein Coaching an \u2013 so lange, bis du und dein Pferd euch sicher und harmonisch miteinander f\u00fchlt.<\/p>\n<\/div><\/div>\n\n\n\n<div class=\"wp-block-media-text is-stacked-on-mobile\"><figure class=\"wp-block-media-text__media\"><img loading=\"lazy\" decoding=\"async\" width=\"703\" height=\"707\" src=\"https:\/\/karamatrash.com\/wp-content\/uploads\/2024\/09\/IMG_7361-9.jpg\" alt=\"\" class=\"wp-image-361 size-full\" srcset=\"https:\/\/karamatrash.com\/wp-content\/uploads\/2024\/09\/IMG_7361-9.jpg 703w, https:\/\/karamatrash.com\/wp-content\/uploads\/2024\/09\/IMG_7361-9-298x300.jpg 298w, https:\/\/karamatrash.com\/wp-content\/uploads\/2024\/09\/IMG_7361-9-150x150.jpg 150w\" sizes=\"auto, (max-width: 703px) 100vw, 703px\" \/><\/figure><div class=\"wp-block-media-text__content\">\n<p style=\"font-size:clamp(16.834px, 1.052rem + ((1vw - 3.2px) * 0.811), 26px);font-style:normal;font-weight:100\">Probleml\u00f6sung<\/p>\n\n\n\n<p>Ob dein Pferd bockt, ausschl\u00e4gt oder einfach nicht vorw\u00e4rtsgehen m\u00f6chte \u2013 meinem Vorgehen liegt immer dasselbe Prinzip zugrunde: Ich suche nach der <strong>mentalen Ursache<\/strong>&nbsp;und entsprechend nach einer <strong>mentalen L\u00f6sung<\/strong>, nicht nach einer mechanischen.<\/p>\n\n\n\n<p>Ich verzichte bewusst so weit wie m\u00f6glich auf Hilfsmittel und lehne den Einsatz von Zwangsmitteln wie beispielsweise Schlaufz\u00fcgeln grunds\u00e4tzlich ab. Wenn ein Pferd den Kopf zu hoch tr\u00e4gt oder zu viel Vorw\u00e4rtsenergie zeigt, arbeite ich gezielt an der inneren Balance und am mentalen Zustand des Pferdes \u2013 und nutze dabei nichts weiter als normale Z\u00fcgel. Statt Druck auszu\u00fcben, biete ich dem Pferd w\u00e4hrend des Reitens bessere Alternativen an. Ich kommuniziere \u00fcber meine K\u00f6rperbewegungen klar, wo ich es gerne h\u00e4tte, was ich toleriere \u2013 und was nicht. Ein Pferd ist kein willenloser Roboter. Die wahre Kunst besteht f\u00fcr mich darin, das Pferd so zu begleiten, dass es selbst den Wunsch entwickelt, sich \u201erichtig\u201c im Zusammensein mit uns zu verhalten. Falls du z.B. die Entwicklung des Pferdes auf dem Bild links sowie weitere Fallbeispiele sehen m\u00f6chtest <a href=\"https:\/\/karamatrash.com\/?page_id=191\" data-type=\"link\" data-id=\"https:\/\/karamatrash.com\/?page_id=191\">hier<\/a> klicken.<\/p>\n<\/div><\/div>\n\n\n\n<div class=\"wp-block-media-text is-stacked-on-mobile\"><figure class=\"wp-block-media-text__media\"><img loading=\"lazy\" decoding=\"async\" width=\"1024\" height=\"746\" src=\"https:\/\/karamatrash.com\/wp-content\/uploads\/2025\/10\/Reitkurs-1-1024x746.png\" alt=\"\" class=\"wp-image-766 size-full\" srcset=\"https:\/\/karamatrash.com\/wp-content\/uploads\/2025\/10\/Reitkurs-1-1024x746.png 1024w, https:\/\/karamatrash.com\/wp-content\/uploads\/2025\/10\/Reitkurs-1-300x218.png 300w, https:\/\/karamatrash.com\/wp-content\/uploads\/2025\/10\/Reitkurs-1-2000x1456.png 2000w\" sizes=\"auto, (max-width: 1024px) 100vw, 1024px\" \/><\/figure><div class=\"wp-block-media-text__content\">\n<p style=\"font-size:clamp(16.834px, 1.052rem + ((1vw - 3.2px) * 0.811), 26px);font-style:normal;font-weight:100\">Reitkurse\/Reitunterricht<\/p>\n\n\n\n<p>Ich begleite dich und dein Pferd \u2013 im Einzelsetting oder in Gruppen \u2013, um eure Kommunikation zu st\u00e4rken und m\u00f6gliche Herausforderungen gemeinsam anzugehen.<\/p>\n\n\n\n<p>Die erste Beratungsstunde mit dir und deinem Pferd ist kostenlos. In diesem Termin schauen wir uns gemeinsam die aktuelle Situation an und besprechen m\u00f6gliche Ursachen sowie sinnvolle Vorgehensweisen.<\/p>\n\n\n\n<p><\/p>\n\n\n\n<p><br><\/p>\n\n\n\n<p><\/p>\n<\/div><\/div>\n","protected":false},"excerpt":{"rendered":"<p>Einreiten Je nach Pferd plane ich in der Regel eine Zeitspanne von mindestens vier Wochen ein, um ein Pferd einzureiten, das bislang weder Sattel noch Reiter kennengelernt hat. Die ersten zwei bis drei Wochen sind der Bodenarbeit gewidmet, und in der letzten Woche bzw. den letzten zehn Tagen beginne ich normalerweise damit, das Pferd zu &hellip; <\/p>\n<p class=\"link-more\"><a href=\"https:\/\/karamatrash.com\/?page_id=24\" class=\"more-link\">Read more<span class=\"screen-reader-text\"> &#8220;Leistungen&#8221;<\/span><\/a><\/p>\n","protected":false},"author":1,"featured_media":356,"parent":0,"menu_order":0,"comment_status":"closed","ping_status":"closed","template":"","meta":{"footnotes":""},"class_list":["post-24","page","type-page","status-publish","has-post-thumbnail","hentry"],"_links":{"self":[{"href":"https:\/\/karamatrash.com\/index.php?rest_route=\/wp\/v2\/pages\/24","targetHints":{"allow":["GET"]}}],"collection":[{"href":"https:\/\/karamatrash.com\/index.php?rest_route=\/wp\/v2\/pages"}],"about":[{"href":"https:\/\/karamatrash.com\/index.php?rest_route=\/wp\/v2\/types\/page"}],"author":[{"embeddable":true,"href":"https:\/\/karamatrash.com\/index.php?rest_route=\/wp\/v2\/users\/1"}],"replies":[{"embeddable":true,"href":"https:\/\/karamatrash.com\/index.php?rest_route=%2Fwp%2Fv2%2Fcomments&post=24"}],"version-history":[{"count":32,"href":"https:\/\/karamatrash.com\/index.php?rest_route=\/wp\/v2\/pages\/24\/revisions"}],"predecessor-version":[{"id":769,"href":"https:\/\/karamatrash.com\/index.php?rest_route=\/wp\/v2\/pages\/24\/revisions\/769"}],"wp:featuredmedia":[{"embeddable":true,"href":"https:\/\/karamatrash.com\/index.php?rest_route=\/wp\/v2\/media\/356"}],"wp:attachment":[{"href":"https:\/\/karamatrash.com\/index.php?rest_route=%2Fwp%2Fv2%2Fmedia&parent=24"}],"curies":[{"name":"wp","href":"https:\/\/api.w.org\/{rel}","templated":true}]}}