{"id":23,"date":"2024-09-05T22:44:17","date_gmt":"2024-09-06T04:44:17","guid":{"rendered":"https:\/\/karamatrash.com\/?page_id=23"},"modified":"2026-04-14T12:39:05","modified_gmt":"2026-04-14T18:39:05","slug":"homepage","status":"publish","type":"page","link":"https:\/\/karamatrash.com\/","title":{"rendered":"Homepage"},"content":{"rendered":"\n<figure style=\"margin-top:0;margin-right:0;margin-bottom:0;margin-left:0\" class=\"wp-block-video\"><video height=\"360\" style=\"aspect-ratio: 640 \/ 360;\" width=\"640\" autoplay controls loop muted src=\"https:\/\/karamatrash.com\/wp-content\/uploads\/2026\/02\/neu-vid.mov\" playsinline><\/video><\/figure>\n\n\n\n<blockquote class=\"wp-block-quote is-style-plain is-layout-flow wp-block-quote-is-layout-flow\">\n<p style=\"border-style:none;border-width:0px;margin-top:var(--wp--preset--spacing--x-small);margin-right:0;margin-bottom:var(--wp--preset--spacing--x-small);margin-left:0;padding-right:var(--wp--preset--spacing--small);padding-left:var(--wp--preset--spacing--small);line-height:1.5\">Mein Wissen \u00fcber Pferde stammt aus meiner Arbeit als Cowboy und Pferdetrainer in 5 L\u00e4ndern in S\u00fcd-und Nordamerika. Ich durfte wertvolles, \u00fcber Jahrhunderte gewachsenes Wissen aus erster Hand in jenen Regionen sammeln, in denen das Leben mit dem Pferd Teil des Alltags und der Seele ist. In meiner Arbeit geht es nicht allein um die Reitbarkeit des Pferdes, sondern vor allem um seine psychologische Entwicklung \u2013 und die seines Reiters.<\/p>\n\n\n\n<div class=\"wp-block-columns is-layout-flex wp-container-core-columns-is-layout-28f84493 wp-block-columns-is-layout-flex\">\n<div class=\"wp-block-column is-layout-flow wp-block-column-is-layout-flow\" style=\"flex-basis:100%\"><\/div>\n<\/div>\n<\/blockquote>\n\n\n\n<div class=\"wp-block-group alignfull pattern_multiple_covers has-global-padding is-layout-constrained wp-container-core-group-is-layout-da604d14 wp-block-group-is-layout-constrained\" id=\"services\" style=\"padding-top:0;padding-right:0;padding-bottom:0;padding-left:0\">\n<h3 class=\"wp-block-heading has-text-align-center has-large-font-size\" style=\"font-style:normal;font-weight:100;text-decoration:none\">LEISTUNGEN<\/h3>\n\n\n\n<div class=\"wp-block-columns is-layout-flex wp-container-core-columns-is-layout-28f84493 wp-block-columns-is-layout-flex\">\n<div class=\"wp-block-column is-layout-flow wp-block-column-is-layout-flow\" style=\"padding-top:0;padding-right:0;padding-bottom:0;padding-left:0\">\n<div class=\"wp-block-cover alignleft is-light\"><img loading=\"lazy\" decoding=\"async\" width=\"825\" height=\"749\" class=\"wp-block-cover__image-background wp-image-753 size-full\" alt=\"\" src=\"https:\/\/karamatrash.com\/wp-content\/uploads\/2025\/10\/image2-1.jpeg\" data-object-fit=\"cover\" srcset=\"https:\/\/karamatrash.com\/wp-content\/uploads\/2025\/10\/image2-1.jpeg 825w, https:\/\/karamatrash.com\/wp-content\/uploads\/2025\/10\/image2-1-300x272.jpeg 300w\" sizes=\"auto, (max-width: 825px) 100vw, 825px\" \/><span aria-hidden=\"true\" class=\"wp-block-cover__background has-background-dim-40 has-background-dim\" style=\"background-color:#8d8f87\"><\/span><div class=\"wp-block-cover__inner-container has-global-padding is-layout-constrained wp-block-cover-is-layout-constrained\">\n<p class=\"has-text-align-center has-large-font-size\"><\/p>\n\n\n\n<p><\/p>\n\n\n\n<p><\/p>\n\n\n\n<p><\/p>\n\n\n\n<p><\/p>\n\n\n\n<p><\/p>\n\n\n\n<p><\/p>\n\n\n\n<div class=\"wp-block-buttons is-content-justification-center is-layout-flex wp-container-core-buttons-is-layout-a89b3969 wp-block-buttons-is-layout-flex\">\n<div class=\"wp-block-button is-style-outline is-style-outline--1\"><a class=\"wp-block-button__link has-white-color has-text-color has-link-color has-text-align-center wp-element-button\" href=\"https:\/\/karamatrash.com\/?page_id=24\"><strong>Einreiten<\/strong><\/a><\/div>\n<\/div>\n<\/div><\/div>\n<\/div>\n\n\n\n<div class=\"wp-block-column is-layout-flow wp-block-column-is-layout-flow\">\n<div class=\"wp-block-cover is-light\"><img loading=\"lazy\" decoding=\"async\" width=\"703\" height=\"707\" class=\"wp-block-cover__image-background wp-image-752 size-full\" alt=\"\" src=\"https:\/\/karamatrash.com\/wp-content\/uploads\/2025\/10\/horseproblem.jpeg\" data-object-fit=\"cover\" srcset=\"https:\/\/karamatrash.com\/wp-content\/uploads\/2025\/10\/horseproblem.jpeg 703w, https:\/\/karamatrash.com\/wp-content\/uploads\/2025\/10\/horseproblem-298x300.jpeg 298w, https:\/\/karamatrash.com\/wp-content\/uploads\/2025\/10\/horseproblem-150x150.jpeg 150w\" sizes=\"auto, (max-width: 703px) 100vw, 703px\" \/><span aria-hidden=\"true\" class=\"wp-block-cover__background has-background-dim-40 has-background-dim\" style=\"background-color:#888176\"><\/span><div class=\"wp-block-cover__inner-container has-global-padding is-layout-constrained wp-block-cover-is-layout-constrained\">\n<p class=\"has-text-align-center has-large-font-size\"><\/p>\n\n\n\n<div class=\"wp-block-buttons is-content-justification-center is-layout-flex wp-container-core-buttons-is-layout-098cc607 wp-block-buttons-is-layout-flex\">\n<div class=\"wp-block-button is-style-outline is-style-outline--2\"><a class=\"wp-block-button__link has-white-color has-text-color has-link-color wp-element-button\" href=\"https:\/\/karamatrash.com\/?page_id=24\"><strong>Probleml\u00f6sung<\/strong><\/a><\/div>\n<\/div>\n<\/div><\/div>\n<\/div>\n\n\n\n<div class=\"wp-block-column is-layout-flow wp-block-column-is-layout-flow\">\n<div class=\"wp-block-cover is-light\" style=\"min-height:430px;aspect-ratio:unset;\"><img loading=\"lazy\" decoding=\"async\" width=\"1024\" height=\"745\" class=\"wp-block-cover__image-background wp-image-751 size-large\" alt=\"\" src=\"https:\/\/karamatrash.com\/wp-content\/uploads\/2025\/10\/image0-1-1024x745.jpeg\" data-object-fit=\"cover\" srcset=\"https:\/\/karamatrash.com\/wp-content\/uploads\/2025\/10\/image0-1-1024x745.jpeg 1024w, https:\/\/karamatrash.com\/wp-content\/uploads\/2025\/10\/image0-1-300x218.jpeg 300w, https:\/\/karamatrash.com\/wp-content\/uploads\/2025\/10\/image0-1-2000x1456.jpeg 2000w\" sizes=\"auto, (max-width: 1024px) 100vw, 1024px\" \/><span aria-hidden=\"true\" class=\"wp-block-cover__background has-background-dim-40 has-background-dim\" style=\"background-color:#868884\"><\/span><div class=\"wp-block-cover__inner-container has-global-padding is-layout-constrained wp-block-cover-is-layout-constrained\">\n<p class=\"has-text-align-center has-large-font-size\"><\/p>\n\n\n\n<div class=\"wp-block-buttons is-content-justification-center is-layout-flex wp-container-core-buttons-is-layout-098cc607 wp-block-buttons-is-layout-flex\">\n<div class=\"wp-block-button is-style-outline is-style-outline--3\"><a class=\"wp-block-button__link has-white-color has-text-color has-link-color wp-element-button\" href=\"https:\/\/karamatrash.com\/?page_id=24\"><strong>Reitkurse<\/strong>\/ <br><strong>Reitunterricht<\/strong><\/a><\/div>\n<\/div>\n<\/div><\/div>\n<\/div>\n<\/div>\n<\/div>\n\n\n\n<p><\/p>\n\n\n\n<p><\/p>\n\n\n\n<p><\/p>\n\n\n\n<div class=\"wp-block-cover is-light\" style=\"padding-right:var(--wp--preset--spacing--medium);padding-left:var(--wp--preset--spacing--medium)\"><img loading=\"lazy\" decoding=\"async\" width=\"750\" height=\"848\" class=\"wp-block-cover__image-background wp-image-741 size-full\" alt=\"\" src=\"https:\/\/karamatrash.com\/wp-content\/uploads\/2025\/10\/peru.jpeg\" style=\"object-position:50% 50%\" data-object-fit=\"cover\" data-object-position=\"50% 50%\" srcset=\"https:\/\/karamatrash.com\/wp-content\/uploads\/2025\/10\/peru.jpeg 750w, https:\/\/karamatrash.com\/wp-content\/uploads\/2025\/10\/peru-265x300.jpeg 265w\" sizes=\"auto, (max-width: 750px) 100vw, 750px\" \/><span aria-hidden=\"true\" class=\"wp-block-cover__background has-background-dim-80 has-background-dim\" style=\"background-color:#9a9a9a\"><\/span><div class=\"wp-block-cover__inner-container has-global-padding is-layout-constrained wp-container-core-cover-is-layout-28cc4bbc wp-block-cover-is-layout-constrained\">\n<p class=\"has-text-align-center has-medium-font-size\" id=\"\u00dcber-mich\" style=\"border-top-left-radius:0px;border-top-right-radius:0px;border-bottom-left-radius:0px;border-bottom-right-radius:0px\">\u00dcBER MICH<\/p>\n\n\n\n<p><\/p>\n\n\n\n<p class=\"has-text-align-center has-primary-color has-text-color\">Ich habe auf verschiedenen Pferde- und Rinderranches in <strong>Argentinien, Chile, Peru, Kolumbien und Kanada<\/strong> gearbeitet. Dabei habe ich mich auf das Training von Pferden im Westernreitstil spezialisiert. Ich habe selbst viele Pferde eingeritten und mit Pferden gearbeitet, die Verhaltensprobleme zeigten. Auf einem Wildpferdereservat in Argentinien durfte ich mit v\u00f6llig rohen Pferden arbeiten. Chilenische, argentinische, peruanische, kolumbianische sowie kanadische Pferde und Cowboys waren meine Lehrer. Ich durfte in vergleichsweise kurzer Zeit unglaublich viel lernen \u2013 meistens auf die harte Tour. Ich wurde oft auf bockende Pferde gesetzt und habe einige Knochen gebrochen.<\/p>\n\n\n\n<p class=\"has-text-align-center has-primary-color has-text-color\">In meinen Augen hat kein Reiter auf der Welt eine so intensive Beziehung zu seinem Pferd wie der Cowboy. Diese Beziehung ist vom Alltag drau\u00dfen gepr\u00e4gt, wo jederzeit ein Wolf, ein B\u00e4r oder eine Schlange aus dem Geb\u00fcsch springen k\u00f6nnte. Unglaubliche Distanzen durch Fl\u00fcsse und schwieriges Gel\u00e4nde jeglicher Art m\u00fcssen jeden Tag zur\u00fcckgelegt werden.<br>Das formt eine Partnerschaft, die auf <strong>mentaler St\u00e4rke, Vertrauen und Responsivit\u00e4t<\/strong> basiert \u2013 auf beiden Seiten.<\/p>\n\n\n\n<p class=\"has-text-align-center\">Deshalb liegt meine besondere Expertise darin Pferde auszubilden, die sich drau\u00dfen im Gel\u00e4nde sicher und selbstbewusst bewegen und dabei fein und zuverl\u00e4ssig auf ihren Reiter reagieren.<\/p>\n\n\n\n<p class=\"has-text-align-center has-primary-color has-text-color\">In jedem Land und auf jeder Ranch durfte ich neue Pferde reiten und neue Situationen im Sattel erleben. Was mir dabei fast \u00fcberall auffiel: Viele Cowboys verlassen sich im Umgang mit ihren Tieren stark auf ihre Intuition. Und wie in so vielen anderen Lebensbereichen gilt auch hier: Je weniger Hilfsmittel dir zur Verf\u00fcgung stehen und je st\u00e4rker du der Wildnis und ihren Herausforderungen ausgesetzt bist, desto mehr bist du auf dein Bauchgef\u00fchl und deine innere Stimme angewiesen. Ich bin deshalb zu der festen \u00dcberzeugung gekommen, dass ein Gro\u00dfteil der Methoden und Herangehensweisen dieser Reiter auf Intuition basiert. Das hat mich sehr inspiriert und deshalb bildet auch in meiner Arbeit mit Pferden die Intuition die Grundlage meines Trainingsansatzes. Ich nenne ihn deswegen:&nbsp;<strong>Intuitive Horsemanship.<\/strong><\/p>\n\n\n\n<p><\/p>\n\n\n\n<p class=\"has-text-align-center has-medium-font-size\">MEINE PHILOSOPHIE<\/p>\n\n\n\n<p><\/p>\n\n\n\n<p class=\"has-text-align-center\">Ich arbeite von Anfang an gezielt am mentalen Zustand des Pferdes. Das bedeutet: Vertrauen, Zuneigung, klare Grenzen und absolute No-Gos. Dabei verzichte ich bewusst auf den Einsatz unn\u00f6tiger Hilfsmittel. So lehne ich zum Beispiel Schlaufz\u00fcgel grunds\u00e4tzlich ab. Zeigt ein Pferd ein \u00fcberm\u00e4\u00dfiges Vorw\u00e4rtsdrang oder tr\u00e4gt es den Kopf zu hoch, suche ich nach der mentalen Ursache \u2013 statt auf technische L\u00f6sungen zur\u00fcckzugreifen. Beim Reiten arbeite vor allem \u00fcber meine K\u00f6rpersprache. Durch meine Bewegungen zeige ich dem Pferd, wo ich es haben m\u00f6chte, was ich toleriere \u2013 und was nicht. Dank meiner athletischen Konstitution und meiner ausgepr\u00e4gten Reitf\u00e4higkeiten bin ich in der Lage, auch schwierige Pferde sicher zu f\u00fchren und zu kontrollieren, ohne mich selbst oder das Tier zu gef\u00e4hrden. Als Freund und F\u00fchrer begleite ich jedes Pferd durch seine \u00c4ngste. Wer sich viel mit Pferden besch\u00e4ftigt, wei\u00df, wie neugierig und mutig diese Wesen sind und wie sehr sie Herausforderungen m\u00f6gen. Ich ziele also darauf ab, ihre Neugier mit stets neuen Herausforderungen zu f\u00fcttern. Das Ergebnis ist ein gl\u00fcckliches und vor allem selbstbewusstes Pferd, das jeden Schritt des Prozesses genie\u00dft und deshalb die Gesellschaft der Menschen sucht.<\/p>\n<\/div><\/div>\n\n\n\n<p><\/p>\n","protected":false},"excerpt":{"rendered":"<p>LEISTUNGEN<\/p>\n","protected":false},"author":1,"featured_media":476,"parent":0,"menu_order":0,"comment_status":"closed","ping_status":"closed","template":"page-templates\/homepage-no-hero.php","meta":{"footnotes":""},"class_list":["post-23","page","type-page","status-publish","has-post-thumbnail","hentry"],"_links":{"self":[{"href":"https:\/\/karamatrash.com\/index.php?rest_route=\/wp\/v2\/pages\/23","targetHints":{"allow":["GET"]}}],"collection":[{"href":"https:\/\/karamatrash.com\/index.php?rest_route=\/wp\/v2\/pages"}],"about":[{"href":"https:\/\/karamatrash.com\/index.php?rest_route=\/wp\/v2\/types\/page"}],"author":[{"embeddable":true,"href":"https:\/\/karamatrash.com\/index.php?rest_route=\/wp\/v2\/users\/1"}],"replies":[{"embeddable":true,"href":"https:\/\/karamatrash.com\/index.php?rest_route=%2Fwp%2Fv2%2Fcomments&post=23"}],"version-history":[{"count":341,"href":"https:\/\/karamatrash.com\/index.php?rest_route=\/wp\/v2\/pages\/23\/revisions"}],"predecessor-version":[{"id":1077,"href":"https:\/\/karamatrash.com\/index.php?rest_route=\/wp\/v2\/pages\/23\/revisions\/1077"}],"wp:featuredmedia":[{"embeddable":true,"href":"https:\/\/karamatrash.com\/index.php?rest_route=\/wp\/v2\/media\/476"}],"wp:attachment":[{"href":"https:\/\/karamatrash.com\/index.php?rest_route=%2Fwp%2Fv2%2Fmedia&parent=23"}],"curies":[{"name":"wp","href":"https:\/\/api.w.org\/{rel}","templated":true}]}}