{"id":191,"date":"2024-09-06T12:49:35","date_gmt":"2024-09-06T18:49:35","guid":{"rendered":"https:\/\/karamatrash.com\/?page_id=191"},"modified":"2026-02-07T10:03:07","modified_gmt":"2026-02-07T17:03:07","slug":"referenzen","status":"publish","type":"page","link":"https:\/\/karamatrash.com\/?page_id=191","title":{"rendered":"Referenzen"},"content":{"rendered":"\n<p class=\"has-text-align-center has-medium-font-size\">Kundenfeedback &amp; Vorher-Nachher-Clips<\/p>\n\n\n\n<figure class=\"wp-block-pullquote\" style=\"font-style:normal;font-weight:100\"><blockquote><p><img loading=\"lazy\" decoding=\"async\" width=\"180\" height=\"168\" class=\"wp-image-549\" style=\"width: 180px;\" src=\"https:\/\/karamatrash.com\/wp-content\/uploads\/2024\/12\/Kyd-Pic.png\" alt=\"\" srcset=\"https:\/\/karamatrash.com\/wp-content\/uploads\/2024\/12\/Kyd-Pic.png 1384w, https:\/\/karamatrash.com\/wp-content\/uploads\/2024\/12\/Kyd-Pic-300x280.png 300w, https:\/\/karamatrash.com\/wp-content\/uploads\/2024\/12\/Kyd-Pic-1024x954.png 1024w\" sizes=\"auto, (max-width: 180px) 100vw, 180px\" \/><\/p><cite><strong>Kyd campbell<br><a href=\"https:\/\/www.frontierlab.org\/\" data-type=\"link\" data-id=\"https:\/\/www.frontierlab.org\/\">https:\/\/www.frontierlab.org\/<\/a><br><\/strong>I run a horseback riding expedition and riding school business in peru. During his stay at the ranch, Karam worked with a new, young horse that was very anxious and defensive. Through physical contact and other studied methods based on the rational mind of the horse, helped the animal gain the confidence it needed to interact with the herd and humans and now it\u2019s a safe and wonderful member of our team. I like Karam\u2019s work because he was quick and efficient, while always being empathetic and considering the needs of the horse. I would trust him to train more of our animals!<\/cite><\/blockquote><\/figure>\n\n\n\n<figure class=\"wp-block-pullquote\" style=\"font-style:normal;font-weight:100\"><blockquote><p><img loading=\"lazy\" decoding=\"async\" width=\"200\" height=\"149\" class=\"wp-image-552\" style=\"width: 200px;\" src=\"https:\/\/karamatrash.com\/wp-content\/uploads\/2024\/12\/michel-pic.png\" alt=\"\" srcset=\"https:\/\/karamatrash.com\/wp-content\/uploads\/2024\/12\/michel-pic.png 1894w, https:\/\/karamatrash.com\/wp-content\/uploads\/2024\/12\/michel-pic-300x224.png 300w, https:\/\/karamatrash.com\/wp-content\/uploads\/2024\/12\/michel-pic-1024x764.png 1024w\" sizes=\"auto, (max-width: 200px) 100vw, 200px\" \/><\/p><cite><strong>michel becker<br><a href=\"https:\/\/www.islandpferde-michel-becker.de\/\">https:\/\/www.islandpferde-michel-becker.de\/<\/a><br><\/strong>Karam hat auf unserem Hof 3 Pferde eingeritten. Eins davon hatte sogar einen etwas herausfordernden Charakter. Karam hat es geschaft nach nur zwei Wochen auf dieses Pferd aufzusteigen und es zum ersten mal zu reiten. Am Ende des Monates waren alle 3 Pferde sehr gut reitbar, sodass unsere junge Praktikantin sie alle gut reiten konnte. Er zeigte ein gro\u00dfes Geschick und einen tollen Umgang mit unseren Pferden. Wir bedanken uns f\u00fcr seine ausgezeichnete Arbeit und freuen uns auf weitere Zusammenarbeit in der Zukunft!<\/cite><\/blockquote><\/figure>\n\n\n\n<figure class=\"wp-block-pullquote\" style=\"font-style:normal;font-weight:100\"><blockquote><p><img loading=\"lazy\" decoding=\"async\" width=\"200\" height=\"163\" class=\"wp-image-568\" style=\"width: 200px;\" src=\"https:\/\/karamatrash.com\/wp-content\/uploads\/2024\/12\/Bild-mit-Malaki-1.jpg\" alt=\"\" srcset=\"https:\/\/karamatrash.com\/wp-content\/uploads\/2024\/12\/Bild-mit-Malaki-1.jpg 1200w, https:\/\/karamatrash.com\/wp-content\/uploads\/2024\/12\/Bild-mit-Malaki-1-300x245.jpg 300w, https:\/\/karamatrash.com\/wp-content\/uploads\/2024\/12\/Bild-mit-Malaki-1-1024x835.jpg 1024w\" sizes=\"auto, (max-width: 200px) 100vw, 200px\" \/><\/p><cite><strong>Tanja<br><\/strong>Karam hat mit meinem 7-j\u00e4hrigen Wallach (Malachi) gearbeitet. Malachi war bis zu dem Zeitpunkt sehr an seiner Mutter gebunden, mit der er zusammen auf dem Hof stand. Es war schwierig mit ihm ohne seine Mutter auszureiten. Auch beim Reiten war Malachi etwas unsicher beim \u00dcbergang in den Galopp, sodass er beim \u00dcbergehen leicht bockte. Nach zwei Wochen Arbeit konnte Karam Malachis Selbstbewusstsein steigern, sodass man mit ihm alleine ausreiten konnte und die \u00dcberg\u00e4nge vom Schritt in den Trab und in den Galopp sanfter gingen. Er hatte einen sehr einf\u00fchlsamen Umgang mit Malachi und gab ihm den Raum, den er f\u00fcr seine Entwicklung brauchte, um aus sich selbst rauszukommen und selbstbewusster zwischen den verschiedenen G\u00e4ngen\u00a0zu\u00a0wechseln.<\/cite><\/blockquote><\/figure>\n\n\n\n<p class=\"has-text-align-center has-medium-font-size\">In den n\u00e4chsten kurzen Vorher-Nachher-Clips zeige die Entwicklungen einiger Pferde, die ich die Ehre hatte sie auf ihrem Lernweg begleiten zu d\u00fcrfen!<\/p>\n\n\n\n<p><\/p>\n\n\n\n<p><\/p>\n\n\n\n<figure class=\"wp-block-embed is-type-video is-provider-youtube wp-block-embed-youtube wp-embed-aspect-4-3 wp-has-aspect-ratio\"><div class=\"wp-block-embed__wrapper\">\n<iframe loading=\"lazy\" title=\"Starting a 5 yrs old Arabian mare with history of abuse in 25 days\" width=\"950\" height=\"713\" src=\"https:\/\/www.youtube.com\/embed\/nC3knGkwGGM?list=PLEGtD39bG8pJaZcba2u_pmZnG3BzLDan9\" frameborder=\"0\" allow=\"accelerometer; autoplay; clipboard-write; encrypted-media; gyroscope; picture-in-picture; web-share\" referrerpolicy=\"strict-origin-when-cross-origin\" allowfullscreen><\/iframe>\n<\/div><figcaption class=\"wp-element-caption\">Nova ist ein 5 j\u00e4hrige reinrassige arabische Stute. Ich habe sie zuammen mit anderen 12 arabischen Pferden auf einer Zuchtranch in Kanada eingeritten. Nova hatte leider eine Missbrauchsgeschichte und musste von ihren ehemaligen Besitzern gerettet werden, die sie sie leider misshandelt haben. Sie war ein tapferes M\u00e4dchen aber definitiv nicht einfach zu trainieren, da sie am Anfang aufgrund ihres Traumas jegliche Kommunikation mit mir blockierte. Das ist das Ergebnis nach 25 Tagen Training. Ich bin so stolz auf dieses mutige M\u00e4dchen!<\/figcaption><\/figure>\n\n\n\n<figure class=\"wp-block-embed is-type-video is-provider-youtube wp-block-embed-youtube wp-embed-aspect-16-9 wp-has-aspect-ratio\"><div class=\"wp-block-embed__wrapper\">\n<iframe loading=\"lazy\" title=\"starting a 20 years old gelding\" width=\"950\" height=\"534\" src=\"https:\/\/www.youtube.com\/embed\/fL79sRa4bkA?list=PLEGtD39bG8pJaZcba2u_pmZnG3BzLDan9\" frameborder=\"0\" allow=\"accelerometer; autoplay; clipboard-write; encrypted-media; gyroscope; picture-in-picture; web-share\" referrerpolicy=\"strict-origin-when-cross-origin\" allowfullscreen><\/iframe>\n<\/div><figcaption class=\"wp-element-caption\">Dieser Blue Ron kam zu mir mit 20 Jahren. Sein Besitzer ist ein alter Cowboy, der ihm von einer trail riding company abgekauft hat. Das Pferd hatte das Problem, dass er sofort anfing zu bocken, wenn man von ihm verlangte vorw\u00e4rts zu gehen.<\/figcaption><\/figure>\n\n\n\n<p><\/p>\n\n\n\n<figure class=\"wp-block-embed is-type-video is-provider-youtube wp-block-embed-youtube wp-embed-aspect-4-3 wp-has-aspect-ratio\"><div class=\"wp-block-embed__wrapper\">\n<iframe loading=\"lazy\" title=\"Starting a 4 yrs old pure bred Arabian gelding\" width=\"950\" height=\"713\" src=\"https:\/\/www.youtube.com\/embed\/zqT6iBrLYx8?start=8&#038;feature=oembed\" frameborder=\"0\" allow=\"accelerometer; autoplay; clipboard-write; encrypted-media; gyroscope; picture-in-picture; web-share\" referrerpolicy=\"strict-origin-when-cross-origin\" allowfullscreen><\/iframe>\n<\/div><figcaption class=\"wp-element-caption\">Einreiten von 4 j\u00e4hrigem reinrassigem Araber mit zu viel Energie<\/figcaption><\/figure>\n\n\n\n<figure class=\"wp-block-embed is-type-video is-provider-youtube wp-block-embed-youtube wp-embed-aspect-4-3 wp-has-aspect-ratio\"><div class=\"wp-block-embed__wrapper\">\n<iframe loading=\"lazy\" title=\"Starting a 7 years old Arabian stallion in 17 days\" width=\"950\" height=\"713\" src=\"https:\/\/www.youtube.com\/embed\/7eotLPI_vE0?list=PLEGtD39bG8pJaZcba2u_pmZnG3BzLDan9\" frameborder=\"0\" allow=\"accelerometer; autoplay; clipboard-write; encrypted-media; gyroscope; picture-in-picture; web-share\" referrerpolicy=\"strict-origin-when-cross-origin\" allowfullscreen><\/iframe>\n<\/div><figcaption class=\"wp-element-caption\">Einreiten von einem 7 j\u00e4hrigen reinrassigen arabischen Hengst<\/figcaption><\/figure>\n\n\n\n<figure class=\"wp-block-embed is-type-video is-provider-youtube wp-block-embed-youtube wp-embed-aspect-16-9 wp-has-aspect-ratio\"><div class=\"wp-block-embed__wrapper\">\n<iframe loading=\"lazy\" title=\"14-years old gelding with bucking and kicking habit - problem solving\" width=\"950\" height=\"534\" src=\"https:\/\/www.youtube.com\/embed\/9pioD-o1XbI?list=PLEGtD39bG8pJaZcba2u_pmZnG3BzLDan9\" frameborder=\"0\" allow=\"accelerometer; autoplay; clipboard-write; encrypted-media; gyroscope; picture-in-picture; web-share\" referrerpolicy=\"strict-origin-when-cross-origin\" allowfullscreen><\/iframe>\n<\/div><figcaption class=\"wp-element-caption\">Problembehandlung von 14 j\u00e4hrigem Quarterpferd<br>Bocken abgew\u00f6hnen und trainieren auf Arbeit mit Rindern<\/figcaption><\/figure>\n\n\n\n<figure class=\"wp-block-embed is-type-video is-provider-youtube wp-block-embed-youtube wp-embed-aspect-16-9 wp-has-aspect-ratio\"><div class=\"wp-block-embed__wrapper\">\n<iframe loading=\"lazy\" title=\"Starting a 13 yrs old Friesian-Thoroughbred cross\" width=\"950\" height=\"534\" src=\"https:\/\/www.youtube.com\/embed\/fqBWEhlgqPg?list=PLEGtD39bG8pJaZcba2u_pmZnG3BzLDan9\" frameborder=\"0\" allow=\"accelerometer; autoplay; clipboard-write; encrypted-media; gyroscope; picture-in-picture; web-share\" referrerpolicy=\"strict-origin-when-cross-origin\" allowfullscreen><\/iframe>\n<\/div><figcaption class=\"wp-element-caption\">&nbsp;Einreiten von 13 j\u00e4hrigem Friese<\/figcaption><\/figure>\n\n\n\n<figure class=\"wp-block-embed is-type-video is-provider-youtube wp-block-embed-youtube wp-embed-aspect-16-9 wp-has-aspect-ratio\"><div class=\"wp-block-embed__wrapper\">\n<iframe loading=\"lazy\" title=\"Dancing with an Arabian mare - putting a halter on an anxious mare in 40 minutes session\" width=\"950\" height=\"534\" src=\"https:\/\/www.youtube.com\/embed\/0iJQxDAqiZ4?feature=oembed\" frameborder=\"0\" allow=\"accelerometer; autoplay; clipboard-write; encrypted-media; gyroscope; picture-in-picture; web-share\" referrerpolicy=\"strict-origin-when-cross-origin\" allowfullscreen><\/iframe>\n<\/div><figcaption class=\"wp-element-caption\">Halfter an \u00e4ngstliche Stute anlegen. Philosophie und Methode demonstrieren<\/figcaption><\/figure>\n\n\n\n<p class=\"has-text-align-center\" style=\"font-size:clamp(16.834px, 1.052rem + ((1vw - 3.2px) * 0.811), 26px);\">F\u00fcr mehr Videos schau auf meinen YouTube-Kanal <a href=\"https:\/\/www.youtube.com\/@karamatrash6065\" data-type=\"link\" data-id=\"https:\/\/www.youtube.com\/@karamatrash6065\">hier<\/a><\/p>\n","protected":false},"excerpt":{"rendered":"<p>Kundenfeedback &amp; Vorher-Nachher-Clips Kyd campbellhttps:\/\/www.frontierlab.org\/I run a horseback riding expedition and riding school business in peru. During his stay at the ranch, Karam worked with a new, young horse that was very anxious and defensive. Through physical contact and other studied methods based on the rational mind of the horse, helped the animal gain the &hellip; <\/p>\n<p class=\"link-more\"><a href=\"https:\/\/karamatrash.com\/?page_id=191\" class=\"more-link\">Read more<span class=\"screen-reader-text\"> &#8220;Referenzen&#8221;<\/span><\/a><\/p>\n","protected":false},"author":1,"featured_media":386,"parent":0,"menu_order":0,"comment_status":"closed","ping_status":"closed","template":"","meta":{"footnotes":""},"class_list":["post-191","page","type-page","status-publish","has-post-thumbnail","hentry"],"_links":{"self":[{"href":"https:\/\/karamatrash.com\/index.php?rest_route=\/wp\/v2\/pages\/191","targetHints":{"allow":["GET"]}}],"collection":[{"href":"https:\/\/karamatrash.com\/index.php?rest_route=\/wp\/v2\/pages"}],"about":[{"href":"https:\/\/karamatrash.com\/index.php?rest_route=\/wp\/v2\/types\/page"}],"author":[{"embeddable":true,"href":"https:\/\/karamatrash.com\/index.php?rest_route=\/wp\/v2\/users\/1"}],"replies":[{"embeddable":true,"href":"https:\/\/karamatrash.com\/index.php?rest_route=%2Fwp%2Fv2%2Fcomments&post=191"}],"version-history":[{"count":29,"href":"https:\/\/karamatrash.com\/index.php?rest_route=\/wp\/v2\/pages\/191\/revisions"}],"predecessor-version":[{"id":1044,"href":"https:\/\/karamatrash.com\/index.php?rest_route=\/wp\/v2\/pages\/191\/revisions\/1044"}],"wp:featuredmedia":[{"embeddable":true,"href":"https:\/\/karamatrash.com\/index.php?rest_route=\/wp\/v2\/media\/386"}],"wp:attachment":[{"href":"https:\/\/karamatrash.com\/index.php?rest_route=%2Fwp%2Fv2%2Fmedia&parent=191"}],"curies":[{"name":"wp","href":"https:\/\/api.w.org\/{rel}","templated":true}]}}